{"id":6323,"date":"2016-11-17T11:24:36","date_gmt":"2016-11-17T17:24:36","guid":{"rendered":"http:\/\/www.capscandinavia.com\/conditions-generales\/"},"modified":"2018-04-20T04:34:20","modified_gmt":"2018-04-20T10:34:20","slug":"allgemeine-bedingungen","status":"publish","type":"page","link":"https:\/\/www.capscandinavia.com\/de\/allgemeine-bedingungen\/","title":{"rendered":"Allgemeine Bedingungen"},"content":{"rendered":"<p>&nbsp;<\/p>\n<h1 style=\"text-align: center;\"><strong>Allgemeine Bedingungen <\/strong><br \/>\nvon Cap Scandinavia Travel AB<\/h1>\n<p>&nbsp;<\/p>\n<h2><strong>Wie kann ich meine Reise buchen?<\/strong><\/h2>\n<p>Sie k\u00f6nnen Ihre Reise \u00fcber unsere Internetseite, \u00fcber E-Mail oder Telefon buchen. Sie erhalten ein erstes Angebot per E-Mail, in der Regel innerhalb von 24 Stunden. Zu diesem Zeitpunkt stehen die Preise noch unter Vorbehalt der Verf\u00fcgbarkeit. Wenn Sie das Angebot annehmen, wird eine Buchung auf Ihren Namen vorgenommen. Wenn der Endpreis nicht Ihren Erwartungen entspricht, k\u00f6nnen Sie von Ihrer Buchung zur\u00fccktreten. Unsere Preisangebote gelten 48 Stunden. Nach Ablauf dieser Frist m\u00fcssen wir ein neues Preisangebot ausstellen.<\/p>\n<p>&nbsp;<\/p>\n<h2><strong>Wie kann ich meine Reise bezahlen?<\/strong><\/h2>\n<p>Wenn Ihre Buchung best\u00e4tigt ist, erhalten Sie eine Rechnung \u00fcber E-Mail. Innerhalb der darauffolgenden 7 Tage m\u00fcssen Sie 10 bis 20 % des Gesamtbetrages zahlen sowie alle nicht erstattungsf\u00e4higen Teile Ihrer Reise, sofern vorab nichts anderes schriftlich vereinbart worden ist. Dieser Betrag kann nicht erstattet werden. Die letztendliche Zahlung des verbleibenden Betrages muss innerhalb von maximal 30 Tagen vor Reiseantritt erfolgen, sofern vorab nichts anderes schriftlich vereinbart worden ist. Zahlungen erfolgen per Bank\u00fcberweisung in schwedischen Kronen (SEK), d\u00e4nischen Kronen (DKK), norwegischen Kronen (NOK) oder in Euro (EUR). Sie k\u00f6nnen die meisten unserer Produkte auch mit Kreditkarte bezahlen (VISA \/ Master Card \/ American Express).<\/p>\n<p>&nbsp;<\/p>\n<h2><strong>Puis-je annuler mon voyage?<\/strong><\/h2>\n<p>Vous pouvez annuler votre voyage. L&#8217;annulation doit \u00eatre faite par \u00e9crit. Les d\u00e9lais et conditions d&#8217;annulation sont toujours indiqu\u00e9s sur votre facture.<\/p>\n<p>&nbsp;<\/p>\n<p><strong>Kann ich meine Reise stornieren?<\/strong><\/p>\n<p>Sie k\u00f6nnen Ihre Reise stornieren. Sie Stornierung muss schriftlich erfolgen. Die Fristen und Bedingungen f\u00fcr die Stornierung sind immer auf Ihrer Rechnung angegeben.<\/p>\n<p>&nbsp;<\/p>\n<h2><strong>Assurance de voyage<\/strong><\/h2>\n<p>Nous vous recommandons de souscrire une assurance de voyage pour visiter la Scandinavie, la Finlande et l&#8217;Espace Schengen. Cap Scandinavia Travel AB coop\u00e8re avec les compagnies d&#8217;assurance Gouda Resef\u00f6rs\u00e4kring et Mondial Assistance. Cap Scandinavia Travel AB ne peut \u00eatre tenu responsable de toute perte, dommage ou vol de bagages ou effets personnels, ainsi que pour les dommages corporels, accident, maladie, hospitalisation ou d\u00e9c\u00e8s au cours du voyage.<\/p>\n<p>&nbsp;<\/p>\n<h2><strong>Wie kann ich meine Reisedokumente erhalten?<\/strong><\/h2>\n<p>Ab Erhalt der Buchungsgeb\u00fchren \u00fcbersendet Ihnen Cap Scandinavia Travel AB eine Best\u00e4tigung des Erhalts, wobei auschlaggebend ist, dass Sie eine Reise bei Cap Scandinavia Travel AB gebucht haben. Ab Erhalt des verbleibenden Betrags, sofern vorab keine andere schriftliche Vereinbarung getroffen wurde, erhalten Sie all Ihre Reiseunterlagen per E-Mail oder per Post.<\/p>\n<p>&nbsp;<\/p>\n<p>&nbsp;<\/p>\n<p>&nbsp;<\/p>\n<h2><strong>Reiseversicherung<\/strong><\/h2>\n<p>Wir empfehlen Ihnen den Abschluss einer Reiseversicherung. Cap Scandinavia Travel AB arbeitet mit den Versicherungsunternehmen Gouda Resef\u00f6rs\u00e4kring und Allianz zusammen.<br \/>\n&nbsp;<\/p>\n<h2><strong>Unsere Preise<\/strong><\/h2>\n<p>Unsere Preise sind in schwedischen Kronen (SEK), d\u00e4nischen Kronen (DKK), norwegischen Kronen (NOK) oder in Euro (EUR). Sie sind immer einschlie\u00dflich der \u00f6rtlichen Steuern und der Mehrwertsteuer. Ihre Reise mit Cap Scandinavia Travel AB AB umfasst nicht die internationale Flugreise, es sei denn, dies ist vorab schriftlich vereinbart worden.<\/p>\n<p>&nbsp;<\/p>\n<h2><strong>Flexibilit\u00e4t<\/strong><\/h2>\n<p>All unsere Programme werden individuell zugeschnitten. Sie k\u00f6nnen jederzeit \u00c4nderungen vorschlagen, Verf\u00fcgbarkeit, Preis\u00e4nderungen und Stornierungsgeb\u00fchren vorbehalten<\/p>\n<p>&nbsp;<\/p>\n<h2><strong>Telefonischer Kundendienst<\/strong><\/h2>\n<p>Cap Scandinavia Travel AB bietet einen telefonischen Kundendienst w\u00e4hrend Ihres Aufenthaltes, 7 Tage die Woche zwischen 10 und 18 Uhr.<\/p>\n<p>&nbsp;<\/p>\n<h2><strong>Ihre Verantwortung<\/strong><\/h2>\n<p>Sie sind daf\u00fcr verantwortlich, alle erforderlichen Versicherungen f\u00fcr sich selbst und Ihre pers\u00f6nlichen Gegenst\u00e4nde f\u00fcr die Gesamtdauer Ihrer Reise abzuschlie\u00dfen. Sie sind daf\u00fcr verantwortlich, im Besitz aller erforderlichen Reisedokumente zur Einreise in die L\u00e4nder Ihres Reiseprogramms zu sein. Sie tragen die Verantwortung daf\u00fcr, all Ihre Reisegutscheine auszudrucken und eine Kopie davon bei sich zu tragen. Es ist sehr wichtig, alle in Ihren Reisegutscheinen bereitgestellten Angaben zu befolgen.<\/p>\n<p>&nbsp;<\/p>\n<h2><strong>Verantwortung von Cap Scandinavia Travel AB<\/strong><\/h2>\n<p>Cap Scandinavia Travel AB muss die bestm\u00f6glichen Konditionen f\u00fcr einen hochwertigen Aufenthalt bieten. Sollte sich im Laufe der Reise ein Unfall ereignen, wird Cap Scandinavia Travel AB Sie beraten und Ihnen dabei helfen, die nationalen Beh\u00f6rden zu kontaktieren und Kontakt mit der f\u00fcr Sie zust\u00e4ndigen Botschaft herzustellen. Cap Scandinavia Travel AB muss jederzeit die n\u00f6tigen Genehmigungen haben, die nach dem schwedischen Recht f\u00fcr Reiseunternehmen in Skandinavien und Finnland erforderlich sind, darin enthalten der Nachweis der Leistung einer Bankgarantie im Rahmen des schwedischen Gesetzes f\u00fcr Reiseb\u00fcrgschaften. Cap Scandinavia Travel AB kann zu keiner Zeit finanziell oder rechtlich f\u00fcr Zwischenf\u00e4lle in Laufe Ihres Urlaubs haftbar gemacht werden. Ein finanzieller Schadensersatz kann niemals den f\u00fcr die Reise gezahlten Gesamtpreis \u00fcberschreiten. Cap Scandinavia Travel AB kann f\u00fcr keine Art von Schaden an oder Verlust bzw. Diebstahl von Gep\u00e4ck oder pers\u00f6nlichen Gegenst\u00e4nden w\u00e4hrend des Urlaubs haftbar gemacht werden, ebenso wenig f\u00fcr k\u00f6rperliche Sch\u00e4den, Unfall, Krankheit, Krankenhausaufenthalte oder Tod im Laufe des Urlaubs.<\/p>\n<p>&nbsp;<\/p>\n<h2><strong>H\u00f6here Gewalt und Verz\u00f6gerungen<\/strong><\/h2>\n<p>Cap Scandinavia Travel AB ist nicht verantwortlich f\u00fcr \u00c4nderungen Ihrer Reise, die sich aus Versp\u00e4tung, Stornierung oder Ereignissen h\u00f6herer Gewalt ergeben. Im Fall einer verz\u00f6gerten Ankunft passt Cap Scandinavia Travel AB Ihren Preis je nach Ihren neuen Anforderungen an, wobei dieser vorbehaltlich der Verf\u00fcgbarkeit ist. Infolge dieser Ereignisse k\u00f6nnen Preisunterschiede und Stornierungskosten anfallen.<\/p>\n<p>&nbsp;<\/p>\n<h2><strong>Gerichtsbarkeit<\/strong><\/h2>\n<p>Cap Scandinavia Travel AB unterliegt dem schwedischen Recht, das im Fall eines Rechtsstreits Anwendung findet. Stadt des Gerichtsstands: G\u00f6teborg, Schweden.<\/p>\n","protected":false},"excerpt":{"rendered":"<p> [&hellip;]<\/p>\n","protected":false},"author":1,"featured_media":0,"parent":0,"menu_order":0,"comment_status":"closed","ping_status":"closed","template":"","meta":[],"yoast_head":"<!-- This site is optimized with the Yoast SEO plugin v19.13 - https:\/\/yoast.com\/wordpress\/plugins\/seo\/ -->\n<title>Allgemeine Bedingungen | Cap Scandinavia<\/title>\n<meta name=\"robots\" content=\"index, follow, max-snippet:-1, max-image-preview:large, max-video-preview:-1\" \/>\n<link rel=\"canonical\" href=\"https:\/\/www.capscandinavia.com\/de\/allgemeine-bedingungen\/\" \/>\n<meta property=\"og:locale\" content=\"de_DE\" \/>\n<meta property=\"og:type\" content=\"article\" \/>\n<meta property=\"og:title\" content=\"Allgemeine Bedingungen | Cap Scandinavia\" \/>\n<meta property=\"og:description\" content=\"[&hellip;]\" \/>\n<meta property=\"og:url\" content=\"https:\/\/www.capscandinavia.com\/de\/allgemeine-bedingungen\/\" \/>\n<meta property=\"og:site_name\" content=\"Cap Scandinavia\" \/>\n<meta property=\"article:publisher\" content=\"https:\/\/www.facebook.com\/CapScandinaviaTravel\/\" \/>\n<meta property=\"article:modified_time\" content=\"2018-04-20T10:34:20+00:00\" \/>\n<meta name=\"twitter:card\" content=\"summary_large_image\" \/>\n<meta name=\"twitter:label1\" content=\"Gesch\u00e4tzte Lesezeit\" \/>\n\t<meta name=\"twitter:data1\" content=\"4\u00a0Minuten\" \/>\n<script type=\"application\/ld+json\" class=\"yoast-schema-graph\">{\"@context\":\"https:\/\/schema.org\",\"@graph\":[{\"@type\":\"WebPage\",\"@id\":\"https:\/\/www.capscandinavia.com\/de\/allgemeine-bedingungen\/\",\"url\":\"https:\/\/www.capscandinavia.com\/de\/allgemeine-bedingungen\/\",\"name\":\"Allgemeine Bedingungen | Cap Scandinavia\",\"isPartOf\":{\"@id\":\"https:\/\/www.capscandinavia.com\/#website\"},\"datePublished\":\"2016-11-17T17:24:36+00:00\",\"dateModified\":\"2018-04-20T10:34:20+00:00\",\"breadcrumb\":{\"@id\":\"https:\/\/www.capscandinavia.com\/de\/allgemeine-bedingungen\/#breadcrumb\"},\"inLanguage\":\"de\",\"potentialAction\":[{\"@type\":\"ReadAction\",\"target\":[\"https:\/\/www.capscandinavia.com\/de\/allgemeine-bedingungen\/\"]}]},{\"@type\":\"BreadcrumbList\",\"@id\":\"https:\/\/www.capscandinavia.com\/de\/allgemeine-bedingungen\/#breadcrumb\",\"itemListElement\":[{\"@type\":\"ListItem\",\"position\":1,\"name\":\"Inicio\",\"item\":\"https:\/\/www.capscandinavia.com\/de\/\"},{\"@type\":\"ListItem\",\"position\":2,\"name\":\"Allgemeine Bedingungen\"}]},{\"@type\":\"WebSite\",\"@id\":\"https:\/\/www.capscandinavia.com\/#website\",\"url\":\"https:\/\/www.capscandinavia.com\/\",\"name\":\"Cap Scandinavia\",\"description\":\"Pauschalreisen nach Skandinavien, Russland und den Baltischen Staaten. Wir sprechen Ihre Sprache!\",\"potentialAction\":[{\"@type\":\"SearchAction\",\"target\":{\"@type\":\"EntryPoint\",\"urlTemplate\":\"https:\/\/www.capscandinavia.com\/?s={search_term_string}\"},\"query-input\":\"required name=search_term_string\"}],\"inLanguage\":\"de\"}]}<\/script>\n<!-- \/ Yoast SEO plugin. -->","yoast_head_json":{"title":"Allgemeine Bedingungen | Cap Scandinavia","robots":{"index":"index","follow":"follow","max-snippet":"max-snippet:-1","max-image-preview":"max-image-preview:large","max-video-preview":"max-video-preview:-1"},"canonical":"https:\/\/www.capscandinavia.com\/de\/allgemeine-bedingungen\/","og_locale":"de_DE","og_type":"article","og_title":"Allgemeine Bedingungen | Cap Scandinavia","og_description":"[&hellip;]","og_url":"https:\/\/www.capscandinavia.com\/de\/allgemeine-bedingungen\/","og_site_name":"Cap Scandinavia","article_publisher":"https:\/\/www.facebook.com\/CapScandinaviaTravel\/","article_modified_time":"2018-04-20T10:34:20+00:00","twitter_card":"summary_large_image","twitter_misc":{"Gesch\u00e4tzte Lesezeit":"4\u00a0Minuten"},"schema":{"@context":"https:\/\/schema.org","@graph":[{"@type":"WebPage","@id":"https:\/\/www.capscandinavia.com\/de\/allgemeine-bedingungen\/","url":"https:\/\/www.capscandinavia.com\/de\/allgemeine-bedingungen\/","name":"Allgemeine Bedingungen | Cap Scandinavia","isPartOf":{"@id":"https:\/\/www.capscandinavia.com\/#website"},"datePublished":"2016-11-17T17:24:36+00:00","dateModified":"2018-04-20T10:34:20+00:00","breadcrumb":{"@id":"https:\/\/www.capscandinavia.com\/de\/allgemeine-bedingungen\/#breadcrumb"},"inLanguage":"de","potentialAction":[{"@type":"ReadAction","target":["https:\/\/www.capscandinavia.com\/de\/allgemeine-bedingungen\/"]}]},{"@type":"BreadcrumbList","@id":"https:\/\/www.capscandinavia.com\/de\/allgemeine-bedingungen\/#breadcrumb","itemListElement":[{"@type":"ListItem","position":1,"name":"Inicio","item":"https:\/\/www.capscandinavia.com\/de\/"},{"@type":"ListItem","position":2,"name":"Allgemeine Bedingungen"}]},{"@type":"WebSite","@id":"https:\/\/www.capscandinavia.com\/#website","url":"https:\/\/www.capscandinavia.com\/","name":"Cap Scandinavia","description":"Pauschalreisen nach Skandinavien, Russland und den Baltischen Staaten. Wir sprechen Ihre Sprache!","potentialAction":[{"@type":"SearchAction","target":{"@type":"EntryPoint","urlTemplate":"https:\/\/www.capscandinavia.com\/?s={search_term_string}"},"query-input":"required name=search_term_string"}],"inLanguage":"de"}]}},"_links":{"self":[{"href":"https:\/\/www.capscandinavia.com\/de\/wp-json\/wp\/v2\/pages\/6323"}],"collection":[{"href":"https:\/\/www.capscandinavia.com\/de\/wp-json\/wp\/v2\/pages"}],"about":[{"href":"https:\/\/www.capscandinavia.com\/de\/wp-json\/wp\/v2\/types\/page"}],"author":[{"embeddable":true,"href":"https:\/\/www.capscandinavia.com\/de\/wp-json\/wp\/v2\/users\/1"}],"replies":[{"embeddable":true,"href":"https:\/\/www.capscandinavia.com\/de\/wp-json\/wp\/v2\/comments?post=6323"}],"version-history":[{"count":2,"href":"https:\/\/www.capscandinavia.com\/de\/wp-json\/wp\/v2\/pages\/6323\/revisions"}],"predecessor-version":[{"id":6325,"href":"https:\/\/www.capscandinavia.com\/de\/wp-json\/wp\/v2\/pages\/6323\/revisions\/6325"}],"wp:attachment":[{"href":"https:\/\/www.capscandinavia.com\/de\/wp-json\/wp\/v2\/media?parent=6323"}],"curies":[{"name":"wp","href":"https:\/\/api.w.org\/{rel}","templated":true}]}}