{"id":6417,"date":"2016-10-13T10:19:56","date_gmt":"2016-10-13T16:19:56","guid":{"rendered":"http:\/\/www.capscandinavia.com\/svalbard\/"},"modified":"2018-04-28T04:14:49","modified_gmt":"2018-04-28T10:14:49","slug":"svalbard","status":"publish","type":"page","link":"https:\/\/www.capscandinavia.com\/de\/svalbard\/","title":{"rendered":"Svalbard"},"content":{"rendered":"<p><div class=\"fusion-fullwidth fullwidth-box fusion-builder-row-1 nonhundred-percent-fullwidth non-hundred-percent-height-scrolling\" style=\"background-color: rgba(255,255,255,0);background-position: center center;background-repeat: no-repeat;padding-top:20px;padding-right:0px;padding-bottom:20px;padding-left:0px;margin-bottom: 0px;margin-top: 0px;border-width: 0px 0px 0px 0px;border-color:#eae9e9;border-style:solid;\" ><div class=\"fusion-builder-row fusion-row\"><div class=\"fusion-layout-column fusion_builder_column fusion-builder-column-0 fusion_builder_column_1_1 1_1 fusion-one-full fusion-column-first fusion-column-last\" style=\"margin-top:0px;margin-bottom:20px;\"><div class=\"fusion-column-wrapper fusion-flex-column-wrapper-legacy\" style=\"background-position:left top;background-repeat:no-repeat;-webkit-background-size:cover;-moz-background-size:cover;-o-background-size:cover;background-size:cover;padding: 0px 0px 0px 0px;\"><div class=\"fusion-text fusion-text-1\" style=\"transform:translate3d(0,0,0);\"><h1 style=\"text-align: center; font-size: 49px;\">SVALBARD<\/h1>\n<\/div><div class=\"fusion-clearfix\"><\/div><\/div><\/div><\/div><\/div><div class=\"fusion-fullwidth fullwidth-box fusion-builder-row-2 nonhundred-percent-fullwidth non-hundred-percent-height-scrolling fusion-equal-height-columns\" style=\"background-color: rgba(255,255,255,0);background-position: left top;background-repeat: no-repeat;padding-top:0px;padding-right:0px;padding-bottom:0px;padding-left:0px;margin-bottom: 30px;border-width: 0px 0px 0px 0px;border-color:#eae9e9;border-style:solid;\" ><div class=\"fusion-builder-row fusion-row\"><div class=\"fusion-layout-column fusion_builder_column fusion-builder-column-1 fusion_builder_column_1_3 1_3 fusion-one-third fusion-column-first fusion-animated\" style=\"margin-top:0px;margin-bottom:0px;\" data-animationType=\"fadeInLeft\" data-animationDuration=\"0.7\" data-animationOffset=\"100%\"><div class=\"fusion-column-wrapper fusion-flex-column-wrapper-legacy\" style=\"background-position:center bottom;background-repeat:no-repeat;-webkit-background-size:cover;-moz-background-size:cover;-o-background-size:cover;background-size:cover;border:1px solid #f9f9f9;padding: 0px 0px 0px 0px;\"><div class=\"fusion-text fusion-text-2\" style=\"transform:translate3d(0,0,0);\"><p><img decoding=\"async\" class=\"lazyload wp-image-1611 size-full\" title=\"Photo and copyright Ester Kokmeier and Hurtigruten\" src=\"http:\/\/www.capscandinavia.com\/wp-content\/uploads\/2016\/10\/Welcome-to-Svalbard-Photo-and-copyright-Ester-Kokmeier-and-Hurtigruten-1.jpg\" data-orig-src=\"http:\/\/www.capscandinavia.com\/wp-content\/uploads\/2016\/10\/Welcome-to-Svalbard-Photo-and-copyright-Ester-Kokmeier-and-Hurtigruten-1.jpg\" alt=\"photo and copyright Ester Kokmeier and Hurtigruten\" width=\"714\" height=\"375\" srcset=\"data:image\/svg+xml,%3Csvg%20xmlns%3D%27http%3A%2F%2Fwww.w3.org%2F2000%2Fsvg%27%20width%3D%27714%27%20height%3D%27375%27%20viewBox%3D%270%200%20714%20375%27%3E%3Crect%20width%3D%27714%27%20height%3D%273375%27%20fill-opacity%3D%220%22%2F%3E%3C%2Fsvg%3E\" data-srcset=\"https:\/\/www.capscandinavia.com\/wp-content\/uploads\/2016\/10\/Welcome-to-Svalbard-Photo-and-copyright-Ester-Kokmeier-and-Hurtigruten-1-200x105.jpg 200w, https:\/\/www.capscandinavia.com\/wp-content\/uploads\/2016\/10\/Welcome-to-Svalbard-Photo-and-copyright-Ester-Kokmeier-and-Hurtigruten-1-300x158.jpg 300w, https:\/\/www.capscandinavia.com\/wp-content\/uploads\/2016\/10\/Welcome-to-Svalbard-Photo-and-copyright-Ester-Kokmeier-and-Hurtigruten-1-400x210.jpg 400w, https:\/\/www.capscandinavia.com\/wp-content\/uploads\/2016\/10\/Welcome-to-Svalbard-Photo-and-copyright-Ester-Kokmeier-and-Hurtigruten-1-600x315.jpg 600w, https:\/\/www.capscandinavia.com\/wp-content\/uploads\/2016\/10\/Welcome-to-Svalbard-Photo-and-copyright-Ester-Kokmeier-and-Hurtigruten-1.jpg 714w\" data-sizes=\"auto\" data-orig-sizes=\"(max-width: 714px) 100vw, 714px\" \/><\/p>\n<\/div><div class=\"fusion-clearfix\"><\/div><\/div><\/div><div class=\"fusion-layout-column fusion_builder_column fusion-builder-column-2 fusion_builder_column_2_3 2_3 fusion-two-third fusion-column-last fusion-animated\" style=\"margin-top:0px;margin-bottom:0px;\" data-animationType=\"fadeInLeft\" data-animationDuration=\"0.7\" data-animationOffset=\"100%\"><div class=\"fusion-column-wrapper fusion-flex-column-wrapper-legacy\" style=\"background-position:center bottom;background-repeat:no-repeat;-webkit-background-size:cover;-moz-background-size:cover;-o-background-size:cover;background-size:cover;border:1px solid #f9f9f9;padding: 4% 4% 4% 4%;\"><div class=\"fusion-text fusion-text-3\" style=\"transform:translate3d(0,0,0);\"><h2><strong>SVALBARD\u00a0<\/strong><\/h2>\n<p style=\"text-align: justify;\">Mysteri\u00f6s und isoliert, der Svalbard Archipel ist von Eis, Wind und Meer gepr\u00e4gt. Wenn Sie Abenteuer und extreme Aktivit\u00e4ten in diesem extremsten Teil Europas lieben, ist Svalbard f\u00fcr Sie gemacht.<\/p>\n<\/div><div class=\"fusion-clearfix\"><\/div><\/div><\/div><\/div><\/div><div class=\"fusion-fullwidth fullwidth-box fusion-builder-row-3 hundred-percent-fullwidth non-hundred-percent-height-scrolling\" style=\"background-color: rgba(255,255,255,0);background-position: center center;background-repeat: no-repeat;padding-top:0px;padding-right:30px;padding-bottom:0px;padding-left:30px;margin-bottom: 30px;margin-top: 30px;border-width: 0px 0px 0px 0px;border-color:#eae9e9;border-style:solid;\" ><div class=\"fusion-builder-row fusion-row\"><div class=\"fusion-layout-column fusion_builder_column fusion-builder-column-3 fusion_builder_column_1_1 1_1 fusion-one-full fusion-column-first fusion-column-last fusion-column-no-min-height\" style=\"margin-top:0px;margin-bottom:0px;\"><div class=\"fusion-column-wrapper fusion-flex-column-wrapper-legacy\" style=\"background-position:left top;background-repeat:no-repeat;-webkit-background-size:cover;-moz-background-size:cover;-o-background-size:cover;background-size:cover;padding: 0px 0px 0px 0px;\"><div class=\"fusion-sep-clear\"><\/div><div class=\"fusion-separator fusion-full-width-sep\" style=\"margin-left: auto;margin-right: auto;width:100%;\"><\/div><div class=\"fusion-sep-clear\"><\/div><div class=\"fusion-clearfix\"><\/div><\/div><\/div><\/div><style type=\"text\/css\">.fusion-fullwidth.fusion-builder-row-3 { overflow:visible; }<\/style><\/div><div class=\"fusion-fullwidth fullwidth-box fusion-builder-row-4 nonhundred-percent-fullwidth non-hundred-percent-height-scrolling\" style=\"background-color: #f3f3f3;background-position: left top;background-repeat: no-repeat;padding-top:20px;padding-right:0px;padding-bottom:20px;padding-left:0px;margin-bottom: 0px;margin-top: 0px;border-width: 0px 0px 0px 0px;border-color:#eae9e9;border-style:solid;\" ><div class=\"fusion-builder-row fusion-row\"><div class=\"fusion-layout-column fusion_builder_column fusion-builder-column-4 fusion_builder_column_1_1 1_1 fusion-one-full fusion-column-first fusion-column-last fusion-column-no-min-height\" style=\"margin-top:0px;margin-bottom:0px;\"><div class=\"fusion-column-wrapper fusion-flex-column-wrapper-legacy\" style=\"background-position:left top;background-repeat:no-repeat;-webkit-background-size:cover;-moz-background-size:cover;-o-background-size:cover;background-size:cover;padding: 0px 0px 0px 0px;\"><style type=\"text\/css\"><\/style><div class=\"fusion-title title fusion-title-1 fusion-sep-none fusion-title-center fusion-title-text fusion-title-size-one\" style=\"margin-top:30px;margin-bottom:30px;\"><h1 class=\"title-heading-center\" style=\"margin:0;\"><strong>IHRE LIEBLINGSPROGRAMME<\/strong><\/h1><\/div><div class=\"fusion-clearfix\"><\/div><\/div><\/div><div class=\"fusion-layout-column fusion_builder_column fusion-builder-column-5 fusion_builder_column_1_1 1_1 fusion-one-full fusion-column-first fusion-column-last fusion-column-no-min-height\" style=\"margin-top:0px;margin-bottom:0px;\"><div class=\"fusion-column-wrapper fusion-flex-column-wrapper-legacy\" style=\"background-position:left top;background-repeat:no-repeat;-webkit-background-size:cover;-moz-background-size:cover;-o-background-size:cover;background-size:cover;padding: 0px 0px 0px 0px;\"><div class=\"fusion-blog-shortcode fusion-blog-shortcode-1 fusion-blog-archive fusion-blog-layout-grid-wrapper fusion-blog-infinite\"><style type=\"text\/css\">.fusion-blog-shortcode-1 .fusion-blog-layout-grid .fusion-post-grid{padding:15px;}.fusion-blog-shortcode-1 .fusion-posts-container{margin-left: -15px !important; margin-right:-15px !important;}<\/style><div class=\"fusion-posts-container fusion-posts-container-infinite fusion-blog-rollover fusion-blog-layout-grid fusion-blog-layout-grid-2 isotope\" data-pages=\"1\" data-grid-col-space=\"30\" style=\"margin: -15px -15px 0;min-height:500px;\"><article id=\"blog-1-post-7469\" class=\"fusion-post-grid post-7469 post type-post status-publish format-standard has-post-thumbnail hentry category-regions-arctiques-de category-svalbard-de tag-5tage tag-englisch\">\n<div class=\"fusion-post-wrapper\" style=\"background-color:rgba(255,255,255,0);border:1px solid #dbe2ea;border-bottom-width:3px;\">\n\n\t\t\t<div class=\"fusion-flexslider flexslider fusion-flexslider-loading fusion-post-slideshow\" style=\"border-color:#dbe2ea;\">\n\t\t<ul class=\"slides\">\n\t\t\t\n\t\t\t\t\t\t\t\t\t\t\t\t\t\t<li>\n\n<div  class=\"fusion-image-wrapper\" aria-haspopup=\"true\">\n\t\n\t\n\t\n\t\t\n\t\t\t\t\t<img width=\"552\" height=\"368\" src=\"https:\/\/www.capscandinavia.com\/wp-content\/uploads\/2018\/10\/1-Welcome-to-Svalbard-Photo-and-copyright-Hurtigruten-Svalbard-Agurxtane-Concellon.jpg\" class=\"attachment-full size-full lazyload wp-post-image\" alt=\"\" decoding=\"async\" loading=\"lazy\" srcset=\"data:image\/svg+xml,%3Csvg%20xmlns%3D%27http%3A%2F%2Fwww.w3.org%2F2000%2Fsvg%27%20width%3D%27552%27%20height%3D%27368%27%20viewBox%3D%270%200%20552%20368%27%3E%3Crect%20width%3D%27552%27%20height%3D%273368%27%20fill-opacity%3D%220%22%2F%3E%3C%2Fsvg%3E\" data-orig-src=\"https:\/\/www.capscandinavia.com\/wp-content\/uploads\/2018\/10\/1-Welcome-to-Svalbard-Photo-and-copyright-Hurtigruten-Svalbard-Agurxtane-Concellon.jpg\" data-srcset=\"https:\/\/www.capscandinavia.com\/wp-content\/uploads\/2018\/10\/1-Welcome-to-Svalbard-Photo-and-copyright-Hurtigruten-Svalbard-Agurxtane-Concellon-200x133.jpg 200w, https:\/\/www.capscandinavia.com\/wp-content\/uploads\/2018\/10\/1-Welcome-to-Svalbard-Photo-and-copyright-Hurtigruten-Svalbard-Agurxtane-Concellon-400x267.jpg 400w, https:\/\/www.capscandinavia.com\/wp-content\/uploads\/2018\/10\/1-Welcome-to-Svalbard-Photo-and-copyright-Hurtigruten-Svalbard-Agurxtane-Concellon.jpg 552w\" data-sizes=\"auto\" \/>\n\t\n\n\t\t<div class=\"fusion-rollover\">\n\t<div class=\"fusion-rollover-content\">\n\n\t\t\t\t\t\t\t\t\t\t\t\t\t\t<a class=\"fusion-rollover-link\" href=\"https:\/\/www.capscandinavia.com\/de\/winterabenteuer-auf-svalbard\/\">Aktiv-Ferien auf Svalbard<\/a>\n\t\t\t\n\t\t\t\t\t\t\t\t\t\t\t\t\t\t\n\t\t\t\t\t\t\t\t\n\t\t\t\t\t\t\t\t\t\t\t\t\t<div class=\"fusion-rollover-sep\"><\/div>\n\t\t\t\t\n\t\t\t\t\t\t\t\t\t\t\t\t\t\t\t\t\t\t<a class=\"fusion-rollover-gallery\" href=\"https:\/\/www.capscandinavia.com\/wp-content\/uploads\/2018\/10\/1-Welcome-to-Svalbard-Photo-and-copyright-Hurtigruten-Svalbard-Agurxtane-Concellon.jpg\" data-id=\"7469\" data-rel=\"iLightbox[gallery]\" data-title=\"1- Welcome to Svalbard - Photo and copyright - Hurtigruten Svalbard - Agurxtane Concellon\" data-caption=\"\">\n\t\t\t\t\t\tGallery\t\t\t\t\t<\/a>\n\t\t\t\t\t\t\t\t\t\t\t\t\t\t\n\t\t\t\t\n\t\t\t\t\t\t\t\t\t\t\t\t<h4 class=\"fusion-rollover-title\">\n\t\t\t\t\t<a class=\"fusion-rollover-title-link\" href=\"https:\/\/www.capscandinavia.com\/de\/winterabenteuer-auf-svalbard\/\">\n\t\t\t\t\t\tAktiv-Ferien auf Svalbard\t\t\t\t\t<\/a>\n\t\t\t\t<\/h4>\n\t\t\t\n\t\t\t\t\t\t\t\t\t\t\t\t\t\t<div class=\"fusion-rollover-categories\"><a href=\"https:\/\/www.capscandinavia.com\/de\/category\/regions-arctiques-de\/\" rel=\"tag\">R\u00e9gions arctiques<\/a>, <a href=\"https:\/\/www.capscandinavia.com\/de\/category\/svalbard-de\/\" rel=\"tag\">Svalbard<\/a><\/div>\t\t\t\t\t\n\t\t\n\t\t\t\t<a class=\"fusion-link-wrapper\" href=\"https:\/\/www.capscandinavia.com\/de\/winterabenteuer-auf-svalbard\/\" aria-label=\"Aktiv-Ferien auf Svalbard\"><\/a>\n\t<\/div>\n<\/div>\n\n\t\n<\/div>\n<\/li>\n\t\t\t\n\t\t\t\n\t\t\t\t\t\t\t\t\t\t\t\t\t\t\t\t\t\t\t\t\t\t\t\t\t\t\t\t\t\t\t\t\t\t\t\t\t\t\t\t\t\t\t\t\t\t\t\t\t\t\t\t\t\t\t\t\t\t\t\t\t\t\t\t\t\t\t\t<\/ul>\n\t<\/div>\n\t<div class=\"fusion-post-content-wrapper\" style=\"padding:30px 25px 25px 25px;\"><div class=\"fusion-post-content post-content\"><h2 class=\"blog-shortcode-post-title entry-title\"><a href=\"https:\/\/www.capscandinavia.com\/de\/winterabenteuer-auf-svalbard\/\">Aktiv-Ferien auf Svalbard<\/a><\/h2><p class=\"fusion-single-line-meta\"><span class=\"vcard\" style=\"display: none;\"><span class=\"fn\"><a href=\"https:\/\/www.capscandinavia.com\/de\/author\/sara\/\" title=\"Beitr\u00e4ge von sara\" rel=\"author\">sara<\/a><\/span><\/span><span class=\"updated\" style=\"display:none;\">2021-10-28T02:09:02-06:00<\/span><span class=\"meta-tags\">Tags: <a href=\"https:\/\/www.capscandinavia.com\/de\/tag\/5tage\/\" rel=\"tag\">5 Tage | 4 N\u00e4chte<\/a>, <a href=\"https:\/\/www.capscandinavia.com\/de\/tag\/englisch\/\" rel=\"tag\">Englisch<\/a><\/span><span class=\"fusion-inline-sep\">|<\/span><\/p><div class=\"fusion-post-content-container\"><\/div><\/div><\/div><div class=\"fusion-clearfix\"><\/div><\/div>\n<\/article>\n<article id=\"blog-1-post-7480\" class=\"fusion-post-grid post-7480 post type-post status-publish format-standard has-post-thumbnail hentry category-regions-arctiques-de category-svalbard-de tag-5tage tag-ab-1290-eur tag-englisch\">\n<div class=\"fusion-post-wrapper\" style=\"background-color:rgba(255,255,255,0);border:1px solid #dbe2ea;border-bottom-width:3px;\">\n\n\t\t\t<div class=\"fusion-flexslider flexslider fusion-flexslider-loading fusion-post-slideshow\" style=\"border-color:#dbe2ea;\">\n\t\t<ul class=\"slides\">\n\t\t\t\n\t\t\t\t\t\t\t\t\t\t\t\t\t\t<li>\n\n<div  class=\"fusion-image-wrapper\" aria-haspopup=\"true\">\n\t\n\t\n\t\n\t\t\n\t\t\t\t\t<img width=\"552\" height=\"368\" src=\"https:\/\/www.capscandinavia.com\/wp-content\/uploads\/2018\/10\/2-Boat-trip-to-Barentsburg-Photo-and-copyright-Hurtigruten-Svalbard-Agurxtane-Concellon.jpg\" class=\"attachment-full size-full lazyload wp-post-image\" alt=\"\" decoding=\"async\" loading=\"lazy\" srcset=\"data:image\/svg+xml,%3Csvg%20xmlns%3D%27http%3A%2F%2Fwww.w3.org%2F2000%2Fsvg%27%20width%3D%27552%27%20height%3D%27368%27%20viewBox%3D%270%200%20552%20368%27%3E%3Crect%20width%3D%27552%27%20height%3D%273368%27%20fill-opacity%3D%220%22%2F%3E%3C%2Fsvg%3E\" data-orig-src=\"https:\/\/www.capscandinavia.com\/wp-content\/uploads\/2018\/10\/2-Boat-trip-to-Barentsburg-Photo-and-copyright-Hurtigruten-Svalbard-Agurxtane-Concellon.jpg\" data-srcset=\"https:\/\/www.capscandinavia.com\/wp-content\/uploads\/2018\/10\/2-Boat-trip-to-Barentsburg-Photo-and-copyright-Hurtigruten-Svalbard-Agurxtane-Concellon-200x133.jpg 200w, https:\/\/www.capscandinavia.com\/wp-content\/uploads\/2018\/10\/2-Boat-trip-to-Barentsburg-Photo-and-copyright-Hurtigruten-Svalbard-Agurxtane-Concellon-400x267.jpg 400w, https:\/\/www.capscandinavia.com\/wp-content\/uploads\/2018\/10\/2-Boat-trip-to-Barentsburg-Photo-and-copyright-Hurtigruten-Svalbard-Agurxtane-Concellon.jpg 552w\" data-sizes=\"auto\" \/>\n\t\n\n\t\t<div class=\"fusion-rollover\">\n\t<div class=\"fusion-rollover-content\">\n\n\t\t\t\t\t\t\t\t\t\t\t\t\t\t<a class=\"fusion-rollover-link\" href=\"https:\/\/www.capscandinavia.com\/de\/herbstferien-auf-der-suche-nach-den-nordlichtern-auf-svalbard\/\">Herbstferien auf Svalbard<\/a>\n\t\t\t\n\t\t\t\t\t\t\t\t\t\t\t\t\t\t\n\t\t\t\t\t\t\t\t\n\t\t\t\t\t\t\t\t\t\t\t\t\t<div class=\"fusion-rollover-sep\"><\/div>\n\t\t\t\t\n\t\t\t\t\t\t\t\t\t\t\t\t\t\t\t\t\t\t<a class=\"fusion-rollover-gallery\" href=\"https:\/\/www.capscandinavia.com\/wp-content\/uploads\/2018\/10\/2-Boat-trip-to-Barentsburg-Photo-and-copyright-Hurtigruten-Svalbard-Agurxtane-Concellon.jpg\" data-id=\"7480\" data-rel=\"iLightbox[gallery]\" data-title=\"2- Boat trip to Barentsburg -Photo and copyright - Hurtigruten Svalbard - Agurxtane Concellon\" data-caption=\"\">\n\t\t\t\t\t\tGallery\t\t\t\t\t<\/a>\n\t\t\t\t\t\t\t\t\t\t\t\t\t\t\n\t\t\t\t\n\t\t\t\t\t\t\t\t\t\t\t\t<h4 class=\"fusion-rollover-title\">\n\t\t\t\t\t<a class=\"fusion-rollover-title-link\" href=\"https:\/\/www.capscandinavia.com\/de\/herbstferien-auf-der-suche-nach-den-nordlichtern-auf-svalbard\/\">\n\t\t\t\t\t\tHerbstferien auf Svalbard\t\t\t\t\t<\/a>\n\t\t\t\t<\/h4>\n\t\t\t\n\t\t\t\t\t\t\t\t\t\t\t\t\t\t<div class=\"fusion-rollover-categories\"><a href=\"https:\/\/www.capscandinavia.com\/de\/category\/regions-arctiques-de\/\" rel=\"tag\">R\u00e9gions arctiques<\/a>, <a href=\"https:\/\/www.capscandinavia.com\/de\/category\/svalbard-de\/\" rel=\"tag\">Svalbard<\/a><\/div>\t\t\t\t\t\n\t\t\n\t\t\t\t<a class=\"fusion-link-wrapper\" href=\"https:\/\/www.capscandinavia.com\/de\/herbstferien-auf-der-suche-nach-den-nordlichtern-auf-svalbard\/\" aria-label=\"Herbstferien auf Svalbard\"><\/a>\n\t<\/div>\n<\/div>\n\n\t\n<\/div>\n<\/li>\n\t\t\t\n\t\t\t\n\t\t\t\t\t\t\t\t\t\t\t\t\t\t\t\t\t\t\t\t\t\t\t\t\t\t\t\t\t\t\t\t\t\t\t\t\t\t\t\t\t\t\t\t\t\t\t\t\t\t\t\t\t\t\t\t\t\t\t\t\t\t\t\t\t\t\t\t<\/ul>\n\t<\/div>\n\t<div class=\"fusion-post-content-wrapper\" style=\"padding:30px 25px 25px 25px;\"><div class=\"fusion-post-content post-content\"><h2 class=\"blog-shortcode-post-title entry-title\"><a href=\"https:\/\/www.capscandinavia.com\/de\/herbstferien-auf-der-suche-nach-den-nordlichtern-auf-svalbard\/\">Herbstferien auf Svalbard<\/a><\/h2><p class=\"fusion-single-line-meta\"><span class=\"vcard\" style=\"display: none;\"><span class=\"fn\"><a href=\"https:\/\/www.capscandinavia.com\/de\/author\/sara\/\" title=\"Beitr\u00e4ge von sara\" rel=\"author\">sara<\/a><\/span><\/span><span class=\"updated\" style=\"display:none;\">2021-04-20T08:30:38-06:00<\/span><span class=\"meta-tags\">Tags: <a href=\"https:\/\/www.capscandinavia.com\/de\/tag\/5tage\/\" rel=\"tag\">5 Tage | 4 N\u00e4chte<\/a>, <a href=\"https:\/\/www.capscandinavia.com\/de\/tag\/ab-1290-eur\/\" rel=\"tag\">Ab 1290 \u20ac<\/a>, <a href=\"https:\/\/www.capscandinavia.com\/de\/tag\/englisch\/\" rel=\"tag\">Englisch<\/a><\/span><span class=\"fusion-inline-sep\">|<\/span><\/p><div class=\"fusion-post-content-container\"><\/div><\/div><\/div><div class=\"fusion-clearfix\"><\/div><\/div>\n<\/article>\n<div class=\"fusion-clearfix\"><\/div><\/div><\/div><div class=\"fusion-clearfix\"><\/div><\/div><\/div><\/div><\/div><\/p>\n","protected":false},"excerpt":{"rendered":"","protected":false},"author":1,"featured_media":0,"parent":0,"menu_order":0,"comment_status":"closed","ping_status":"closed","template":"100-width.php","meta":[],"yoast_head":"<!-- This site is optimized with the Yoast SEO plugin v19.13 - https:\/\/yoast.com\/wordpress\/plugins\/seo\/ -->\n<title>Svalbard | Cap Scandinavia<\/title>\n<meta name=\"robots\" content=\"index, follow, max-snippet:-1, max-image-preview:large, max-video-preview:-1\" \/>\n<link rel=\"canonical\" href=\"https:\/\/www.capscandinavia.com\/de\/svalbard\/\" \/>\n<meta property=\"og:locale\" content=\"de_DE\" \/>\n<meta property=\"og:type\" content=\"article\" \/>\n<meta property=\"og:title\" content=\"Svalbard | Cap Scandinavia\" \/>\n<meta property=\"og:url\" content=\"https:\/\/www.capscandinavia.com\/de\/svalbard\/\" \/>\n<meta property=\"og:site_name\" content=\"Cap Scandinavia\" \/>\n<meta property=\"article:publisher\" content=\"https:\/\/www.facebook.com\/CapScandinaviaTravel\/\" \/>\n<meta property=\"article:modified_time\" content=\"2018-04-28T10:14:49+00:00\" \/>\n<meta property=\"og:image\" content=\"http:\/\/www.capscandinavia.com\/wp-content\/uploads\/2016\/10\/Welcome-to-Svalbard-Photo-and-copyright-Ester-Kokmeier-and-Hurtigruten-1.jpg\" \/>\n<meta name=\"twitter:card\" content=\"summary_large_image\" \/>\n<meta name=\"twitter:label1\" content=\"Gesch\u00e4tzte Lesezeit\" \/>\n\t<meta name=\"twitter:data1\" content=\"4\u00a0Minuten\" \/>\n<script type=\"application\/ld+json\" class=\"yoast-schema-graph\">{\"@context\":\"https:\/\/schema.org\",\"@graph\":[{\"@type\":\"WebPage\",\"@id\":\"https:\/\/www.capscandinavia.com\/de\/svalbard\/\",\"url\":\"https:\/\/www.capscandinavia.com\/de\/svalbard\/\",\"name\":\"Svalbard | Cap Scandinavia\",\"isPartOf\":{\"@id\":\"https:\/\/www.capscandinavia.com\/#website\"},\"datePublished\":\"2016-10-13T16:19:56+00:00\",\"dateModified\":\"2018-04-28T10:14:49+00:00\",\"breadcrumb\":{\"@id\":\"https:\/\/www.capscandinavia.com\/de\/svalbard\/#breadcrumb\"},\"inLanguage\":\"de\",\"potentialAction\":[{\"@type\":\"ReadAction\",\"target\":[\"https:\/\/www.capscandinavia.com\/de\/svalbard\/\"]}]},{\"@type\":\"BreadcrumbList\",\"@id\":\"https:\/\/www.capscandinavia.com\/de\/svalbard\/#breadcrumb\",\"itemListElement\":[{\"@type\":\"ListItem\",\"position\":1,\"name\":\"Inicio\",\"item\":\"https:\/\/www.capscandinavia.com\/de\/\"},{\"@type\":\"ListItem\",\"position\":2,\"name\":\"Svalbard\"}]},{\"@type\":\"WebSite\",\"@id\":\"https:\/\/www.capscandinavia.com\/#website\",\"url\":\"https:\/\/www.capscandinavia.com\/\",\"name\":\"Cap Scandinavia\",\"description\":\"Pauschalreisen nach Skandinavien, Russland und den Baltischen Staaten. Wir sprechen Ihre Sprache!\",\"potentialAction\":[{\"@type\":\"SearchAction\",\"target\":{\"@type\":\"EntryPoint\",\"urlTemplate\":\"https:\/\/www.capscandinavia.com\/?s={search_term_string}\"},\"query-input\":\"required name=search_term_string\"}],\"inLanguage\":\"de\"}]}<\/script>\n<!-- \/ Yoast SEO plugin. -->","yoast_head_json":{"title":"Svalbard | Cap Scandinavia","robots":{"index":"index","follow":"follow","max-snippet":"max-snippet:-1","max-image-preview":"max-image-preview:large","max-video-preview":"max-video-preview:-1"},"canonical":"https:\/\/www.capscandinavia.com\/de\/svalbard\/","og_locale":"de_DE","og_type":"article","og_title":"Svalbard | Cap Scandinavia","og_url":"https:\/\/www.capscandinavia.com\/de\/svalbard\/","og_site_name":"Cap Scandinavia","article_publisher":"https:\/\/www.facebook.com\/CapScandinaviaTravel\/","article_modified_time":"2018-04-28T10:14:49+00:00","og_image":[{"url":"http:\/\/www.capscandinavia.com\/wp-content\/uploads\/2016\/10\/Welcome-to-Svalbard-Photo-and-copyright-Ester-Kokmeier-and-Hurtigruten-1.jpg"}],"twitter_card":"summary_large_image","twitter_misc":{"Gesch\u00e4tzte Lesezeit":"4\u00a0Minuten"},"schema":{"@context":"https:\/\/schema.org","@graph":[{"@type":"WebPage","@id":"https:\/\/www.capscandinavia.com\/de\/svalbard\/","url":"https:\/\/www.capscandinavia.com\/de\/svalbard\/","name":"Svalbard | Cap Scandinavia","isPartOf":{"@id":"https:\/\/www.capscandinavia.com\/#website"},"datePublished":"2016-10-13T16:19:56+00:00","dateModified":"2018-04-28T10:14:49+00:00","breadcrumb":{"@id":"https:\/\/www.capscandinavia.com\/de\/svalbard\/#breadcrumb"},"inLanguage":"de","potentialAction":[{"@type":"ReadAction","target":["https:\/\/www.capscandinavia.com\/de\/svalbard\/"]}]},{"@type":"BreadcrumbList","@id":"https:\/\/www.capscandinavia.com\/de\/svalbard\/#breadcrumb","itemListElement":[{"@type":"ListItem","position":1,"name":"Inicio","item":"https:\/\/www.capscandinavia.com\/de\/"},{"@type":"ListItem","position":2,"name":"Svalbard"}]},{"@type":"WebSite","@id":"https:\/\/www.capscandinavia.com\/#website","url":"https:\/\/www.capscandinavia.com\/","name":"Cap Scandinavia","description":"Pauschalreisen nach Skandinavien, Russland und den Baltischen Staaten. Wir sprechen Ihre Sprache!","potentialAction":[{"@type":"SearchAction","target":{"@type":"EntryPoint","urlTemplate":"https:\/\/www.capscandinavia.com\/?s={search_term_string}"},"query-input":"required name=search_term_string"}],"inLanguage":"de"}]}},"_links":{"self":[{"href":"https:\/\/www.capscandinavia.com\/de\/wp-json\/wp\/v2\/pages\/6417"}],"collection":[{"href":"https:\/\/www.capscandinavia.com\/de\/wp-json\/wp\/v2\/pages"}],"about":[{"href":"https:\/\/www.capscandinavia.com\/de\/wp-json\/wp\/v2\/types\/page"}],"author":[{"embeddable":true,"href":"https:\/\/www.capscandinavia.com\/de\/wp-json\/wp\/v2\/users\/1"}],"replies":[{"embeddable":true,"href":"https:\/\/www.capscandinavia.com\/de\/wp-json\/wp\/v2\/comments?post=6417"}],"version-history":[{"count":2,"href":"https:\/\/www.capscandinavia.com\/de\/wp-json\/wp\/v2\/pages\/6417\/revisions"}],"predecessor-version":[{"id":6459,"href":"https:\/\/www.capscandinavia.com\/de\/wp-json\/wp\/v2\/pages\/6417\/revisions\/6459"}],"wp:attachment":[{"href":"https:\/\/www.capscandinavia.com\/de\/wp-json\/wp\/v2\/media?parent=6417"}],"curies":[{"name":"wp","href":"https:\/\/api.w.org\/{rel}","templated":true}]}}