{"id":3119,"date":"2016-11-17T11:24:36","date_gmt":"2016-11-17T17:24:36","guid":{"rendered":"http:\/\/www.capscandinavia.com\/conditions-generales\/"},"modified":"2018-05-01T00:50:46","modified_gmt":"2018-05-01T06:50:46","slug":"condiciones-generales","status":"publish","type":"page","link":"https:\/\/www.capscandinavia.com\/es\/condiciones-generales\/","title":{"rendered":"Condiciones generales"},"content":{"rendered":"<p>&nbsp;<\/p>\n<h1 style=\"text-align: center;\"><strong>Condiciones Generales de<\/strong><br \/>\nCap Scandinavia Travel AB<\/h1>\n<h1 style=\"text-align: center;\">CIF del Reino de Suecia: 556736-4350<\/h1>\n<p>&nbsp;<\/p>\n<h2><strong>\u00bfC\u00f3mo puedo reservar mi paquete tur\u00edstico?<\/strong><\/h2>\n<p>Puedes reservar tu paquete tur\u00edstico por e-mail o por tel\u00e9fono. Recibir\u00e1s una oferta de precio en un plazo de 24 horas. Los precios dependen de la disponibilidad en ese momento. Si aceptas la oferta de precio, efectuaremos una reserva a tu nombre. Si los<br \/>\nprecios han cambiado en el momento de la reserva, podr\u00e1s cancelarla.<\/p>\n<p>&nbsp;<\/p>\n<h2><strong>\u00bfC\u00f3mo puedo pagar mi paquete tur\u00edstico?<\/strong><\/h2>\n<p>En cuanto efectuemos la reserva a tu nombre, recibir\u00e1s una factura por e-mail. En un plazo de 7 d\u00edas requerimos el pago de un derecho de inscripci\u00f3n no-reembolsable equivalente al 10 % del precio total as\u00ed como el pago de todos los elementos no-reembolsables del paquete (por ejemplo, la mayor\u00eda de los billetes de tren y autob\u00fas). El importe restante deber\u00e1 ser pagado 30 d\u00edas antes del inicio del viaje. Si has reservado un crucero, requerimos el pago de un derecho de inscripci\u00f3n no-reembolsable equivalente al 20 % del precio total. Puedes pagar por transferencia bancaria con nuestros c\u00f3digos IBAN\/SWIFT. El pago puede ser en coronas suecas (SEK), coronas noruegas (NOK), coronas danesas (DKK) o\u00a0euros (EUR). Tambi\u00e9n puedes pagar con tarjeta de cr\u00e9dito VISA o MasterCard en coronas suecas o en euros as\u00ed como con American Express en coronas suecas.<\/p>\n<p>&nbsp;<\/p>\n<h2><strong>\u00bfPuedo cancelar mi paquete tur\u00edstico?<\/strong><\/h2>\n<p>Por supuesto. Las cancelaciones deber\u00e1n hacerse por escrito. Los plazos y gastos de cancelaci\u00f3n siempre van indicados en tu factura.<\/p>\n<p>&nbsp;<\/p>\n<p><strong>\u00bfC\u00f3mo puedo recibir mis documentos de viaje?<\/strong><\/p>\n<p>En cuanto recibamos el importe del derecho de inscripci\u00f3n, te mandaremos un recibo como prueba de que has reservado un paquete tur\u00edstico con Cap Scandinavia Travel AB. Una vez recibido el resto del importe, recibir\u00e1s todos los documentos de viaje por e-mail o correo postal.<\/p>\n<p>&nbsp;<\/p>\n<h2><strong>Seguro de viaje<\/strong><\/h2>\n<p>Necesitar\u00e1s un seguro de viaje cuando visites Escandinavia, Finlandia y la zona Schengen. Cap Scandinavia Travel AB colabora con Gouda Resef\u00f6rs\u00e4kringar, empresa internacional de seguros, y puede incluir el seguro adecuado en tu paquete. Cap Scandinavia Travel AB no podr\u00e1 ser considerado responsable ni en caso de p\u00e9rdida, da\u00f1o o robo del equipaje u objetos personales ni en caso de heridas, accidente, enfermedad, hospitalizaci\u00f3n o fallecimiento si \u00e9stos vinieran a suceder en el transcurso de tu paquete tur\u00edstico.<\/p>\n<p>&nbsp;<\/p>\n<h2><strong>Nuestros precios <\/strong><\/h2>\n<p>Nuestros precios son en coronas suecas (SEK), coronas noruegas (NOK), coronas danesas (DKK) o\u00a0euros (EUR) y siempre llevan incluidos el IVA y los impuestos locales. Tu paquete tur\u00edstico nunca incluye el transporte a\u00e9reo internacional salvo que \u00e9ste haya sido contratado especialmente.<\/p>\n<p>&nbsp;<\/p>\n<h2><strong>Pasaporte y visado <\/strong><\/h2>\n<p>Debes estar en posesi\u00f3n de un pasaporte cuya validez sea de m\u00ednimo 6 meses despu\u00e9s del final de tu visita a Escandinavia, Finlandia y a la zona Schengen. Los ciudadanos de algunos pa\u00edses deben estar en posesi\u00f3n de un visado v\u00e1lido para todos aquellos pa\u00edses incluidos en el paquete. Todo el mundo puede visitar Rusia sin visado durante nuestro crucero a San Petersburgo.<\/p>\n<p>&nbsp;<\/p>\n<h2><strong> Flexibilidad <\/strong><\/h2>\n<p>Todos nuestros paquetes est\u00e1n elaborados a medida, en funci\u00f3n de tus propias necesidades. Puedes sugerir cambios en cualquier momento, dependiendo de la disponibilidad, cambio de precio o gastos de cancelaci\u00f3n.<\/p>\n<p>&nbsp;<\/p>\n<h2><strong> Nuestra responsabilidad <\/strong><\/h2>\n<p>Cap Scandinavia Travel AB ofrece las mejores condiciones para una estancia de alta calidad en Escandinavia y los pa\u00edses n\u00f3rdicos. En caso de suceda un incidente durante tu visita, Cap Scandinavia Travel AB te asistir\u00e1 en tus contactos con las autoridades nacionales y se pondr\u00e1 en contacto con tu embajada. Cap Scandinavia Travel AB no ser\u00e1 nunca responsable, ni econ\u00f3micamente ni legalmente, en caso de incidente durante tu estancia. La compensaci\u00f3n econ\u00f3mica no podr\u00e1 nunca sobrepasar el importe total del paquete tur\u00edstico. Cap Scandinavia Travel AB detiene en todo momento todas las autorizaciones necesarias requeridas por la ley sueca para la organizaci\u00f3n de paquetes tur\u00edsticos en Escandinavia y los pa\u00edses n\u00f3rdicos, inclusive la garant\u00eda bancaria amparada por el Travel Guarantees Act del Reino de Suecia.<\/p>\n<p>&nbsp;<\/p>\n<h2><strong> Retrasos y circunstancias de fuerza mayor <\/strong><\/h2>\n<p>Cap Scandinavia Travel AB no se har\u00e1 responsable de los cambios que deban ser aportados a tu paquete en raz\u00f3n de retrasos, cancelaciones o incidentes de fuerza mayor. En caso de retraso y llegada tard\u00eda a Escandinavia y los pa\u00edses n\u00f3rdicos, Cap Scandinavia Travel AB adaptar\u00e1 tu paquete de acuerdo a tus deseos, en funci\u00f3n de la disponibilidad, con los correspondientes cambios de precio o gastos de cancelaci\u00f3n.<\/p>\n<p>&nbsp;<\/p>\n<h2><strong> Bases legales<\/strong><\/h2>\n<p>La ciudad de G\u00f6teborg, Suecia es el base legal de Cap Scandinavia Travel AB. Se rige por las leyes suecas y \u00e9stas son las que se aplicar\u00e1n a cualquier litigio.<\/p>\n","protected":false},"excerpt":{"rendered":"<p> [&hellip;]<\/p>\n","protected":false},"author":1,"featured_media":0,"parent":0,"menu_order":0,"comment_status":"closed","ping_status":"closed","template":"","meta":[],"yoast_head":"<!-- This site is optimized with the Yoast SEO plugin v19.13 - https:\/\/yoast.com\/wordpress\/plugins\/seo\/ -->\n<title>Condiciones generales | Cap Scandinavia<\/title>\n<meta name=\"robots\" content=\"index, follow, max-snippet:-1, max-image-preview:large, max-video-preview:-1\" \/>\n<link rel=\"canonical\" href=\"https:\/\/www.capscandinavia.com\/es\/condiciones-generales\/\" \/>\n<meta property=\"og:locale\" content=\"es_ES\" \/>\n<meta property=\"og:type\" content=\"article\" \/>\n<meta property=\"og:title\" content=\"Condiciones generales | Cap Scandinavia\" \/>\n<meta property=\"og:description\" content=\"[&hellip;]\" \/>\n<meta property=\"og:url\" content=\"https:\/\/www.capscandinavia.com\/es\/condiciones-generales\/\" \/>\n<meta property=\"og:site_name\" content=\"Cap Scandinavia\" \/>\n<meta property=\"article:publisher\" content=\"https:\/\/www.facebook.com\/CapScandinaviaTravel\/\" \/>\n<meta property=\"article:modified_time\" content=\"2018-05-01T06:50:46+00:00\" \/>\n<meta name=\"twitter:card\" content=\"summary_large_image\" \/>\n<meta name=\"twitter:label1\" content=\"Tiempo de lectura\" \/>\n\t<meta name=\"twitter:data1\" content=\"4 minutos\" \/>\n<script type=\"application\/ld+json\" class=\"yoast-schema-graph\">{\"@context\":\"https:\/\/schema.org\",\"@graph\":[{\"@type\":\"WebPage\",\"@id\":\"https:\/\/www.capscandinavia.com\/es\/condiciones-generales\/\",\"url\":\"https:\/\/www.capscandinavia.com\/es\/condiciones-generales\/\",\"name\":\"Condiciones generales | Cap Scandinavia\",\"isPartOf\":{\"@id\":\"https:\/\/www.capscandinavia.com\/#website\"},\"datePublished\":\"2016-11-17T17:24:36+00:00\",\"dateModified\":\"2018-05-01T06:50:46+00:00\",\"breadcrumb\":{\"@id\":\"https:\/\/www.capscandinavia.com\/es\/condiciones-generales\/#breadcrumb\"},\"inLanguage\":\"es\",\"potentialAction\":[{\"@type\":\"ReadAction\",\"target\":[\"https:\/\/www.capscandinavia.com\/es\/condiciones-generales\/\"]}]},{\"@type\":\"BreadcrumbList\",\"@id\":\"https:\/\/www.capscandinavia.com\/es\/condiciones-generales\/#breadcrumb\",\"itemListElement\":[{\"@type\":\"ListItem\",\"position\":1,\"name\":\"Inicio\",\"item\":\"https:\/\/www.capscandinavia.com\/es\/\"},{\"@type\":\"ListItem\",\"position\":2,\"name\":\"Condiciones generales\"}]},{\"@type\":\"WebSite\",\"@id\":\"https:\/\/www.capscandinavia.com\/#website\",\"url\":\"https:\/\/www.capscandinavia.com\/\",\"name\":\"Cap Scandinavia\",\"description\":\"Pour vos voyages en Scandinavie - Finlande - Pays Baltes - Russie\",\"potentialAction\":[{\"@type\":\"SearchAction\",\"target\":{\"@type\":\"EntryPoint\",\"urlTemplate\":\"https:\/\/www.capscandinavia.com\/?s={search_term_string}\"},\"query-input\":\"required name=search_term_string\"}],\"inLanguage\":\"es\"}]}<\/script>\n<!-- \/ Yoast SEO plugin. -->","yoast_head_json":{"title":"Condiciones generales | Cap Scandinavia","robots":{"index":"index","follow":"follow","max-snippet":"max-snippet:-1","max-image-preview":"max-image-preview:large","max-video-preview":"max-video-preview:-1"},"canonical":"https:\/\/www.capscandinavia.com\/es\/condiciones-generales\/","og_locale":"es_ES","og_type":"article","og_title":"Condiciones generales | Cap Scandinavia","og_description":"[&hellip;]","og_url":"https:\/\/www.capscandinavia.com\/es\/condiciones-generales\/","og_site_name":"Cap Scandinavia","article_publisher":"https:\/\/www.facebook.com\/CapScandinaviaTravel\/","article_modified_time":"2018-05-01T06:50:46+00:00","twitter_card":"summary_large_image","twitter_misc":{"Tiempo de lectura":"4 minutos"},"schema":{"@context":"https:\/\/schema.org","@graph":[{"@type":"WebPage","@id":"https:\/\/www.capscandinavia.com\/es\/condiciones-generales\/","url":"https:\/\/www.capscandinavia.com\/es\/condiciones-generales\/","name":"Condiciones generales | Cap Scandinavia","isPartOf":{"@id":"https:\/\/www.capscandinavia.com\/#website"},"datePublished":"2016-11-17T17:24:36+00:00","dateModified":"2018-05-01T06:50:46+00:00","breadcrumb":{"@id":"https:\/\/www.capscandinavia.com\/es\/condiciones-generales\/#breadcrumb"},"inLanguage":"es","potentialAction":[{"@type":"ReadAction","target":["https:\/\/www.capscandinavia.com\/es\/condiciones-generales\/"]}]},{"@type":"BreadcrumbList","@id":"https:\/\/www.capscandinavia.com\/es\/condiciones-generales\/#breadcrumb","itemListElement":[{"@type":"ListItem","position":1,"name":"Inicio","item":"https:\/\/www.capscandinavia.com\/es\/"},{"@type":"ListItem","position":2,"name":"Condiciones generales"}]},{"@type":"WebSite","@id":"https:\/\/www.capscandinavia.com\/#website","url":"https:\/\/www.capscandinavia.com\/","name":"Cap Scandinavia","description":"Pour vos voyages en Scandinavie - Finlande - Pays Baltes - Russie","potentialAction":[{"@type":"SearchAction","target":{"@type":"EntryPoint","urlTemplate":"https:\/\/www.capscandinavia.com\/?s={search_term_string}"},"query-input":"required name=search_term_string"}],"inLanguage":"es"}]}},"_links":{"self":[{"href":"https:\/\/www.capscandinavia.com\/es\/wp-json\/wp\/v2\/pages\/3119"}],"collection":[{"href":"https:\/\/www.capscandinavia.com\/es\/wp-json\/wp\/v2\/pages"}],"about":[{"href":"https:\/\/www.capscandinavia.com\/es\/wp-json\/wp\/v2\/types\/page"}],"author":[{"embeddable":true,"href":"https:\/\/www.capscandinavia.com\/es\/wp-json\/wp\/v2\/users\/1"}],"replies":[{"embeddable":true,"href":"https:\/\/www.capscandinavia.com\/es\/wp-json\/wp\/v2\/comments?post=3119"}],"version-history":[{"count":5,"href":"https:\/\/www.capscandinavia.com\/es\/wp-json\/wp\/v2\/pages\/3119\/revisions"}],"predecessor-version":[{"id":6584,"href":"https:\/\/www.capscandinavia.com\/es\/wp-json\/wp\/v2\/pages\/3119\/revisions\/6584"}],"wp:attachment":[{"href":"https:\/\/www.capscandinavia.com\/es\/wp-json\/wp\/v2\/media?parent=3119"}],"curies":[{"name":"wp","href":"https:\/\/api.w.org\/{rel}","templated":true}]}}