{"id":3129,"date":"2016-07-12T04:11:55","date_gmt":"2016-07-12T10:11:55","guid":{"rendered":"http:\/\/www.capscandinavia.com\/politique-relatives-aux-cookies\/"},"modified":"2016-12-01T03:46:44","modified_gmt":"2016-12-01T09:46:44","slug":"politica-de-cookies","status":"publish","type":"page","link":"https:\/\/www.capscandinavia.com\/es\/politica-de-cookies\/","title":{"rendered":"Pol\u00edtica de cookies"},"content":{"rendered":"<h1 style=\"text-align: center; color: #4997af;\">Pol\u00edtica de cookies<\/h1>\n<p style=\"text-align: justify;\">Las cookies son ficheros de texto que se almacenan en tus dispositivos (ordenador, m\u00f3vil, tableta) cuando consultas un sitio web. Guardan informaci\u00f3n acerca de tu navegaci\u00f3n en ese sitio. Solo el emisor puede consultar y modificar las cookies.<\/p>\n<h2 style=\"color: #3cabc4;\">Tipos de cookies utilizadas en nuestro sitio web:<\/h2>\n<p>El sitio de Cap Scandinavia utiliza 4 tipos de cookies.<\/p>\n<ol>\n<li><strong> Cookies indispensables para la utilizaci\u00f3n del sitio<\/strong><\/li>\n<\/ol>\n<p>Estas cookies te permiten utilizar las funcionalidades principales del sitio de Cap Scandinavia, como las solicitudes de presupuestos. Si desactivas el uso de estas cookies ya no podr\u00e1s beneficiar de sus funcionalidades. Estas cookies no recogen ning\u00fan dato personal y la informaci\u00f3n conservada no puede ser utilizada para fines comerciales.<\/p>\n<ol>\n<li><strong> Cookies de rendimiento del sitio web<\/strong><\/li>\n<\/ol>\n<p>Las cookies de rendimiento nos permiten optimizar el sitio web y detectar los posibles problemas t\u00e9cnicos. Estas cookies nos permiten recoger informaci\u00f3n sobre la forma en la que utilizas nuestro sitio web, principalmente, el n\u00famero de visitas por p\u00e1gina, el tiempo que has pasado en una p\u00e1gina o el n\u00famero de clics en una parte del sitio web. La informaci\u00f3n conservada no se puede utilizar para fines comerciales.<\/p>\n<ol>\n<li><strong> Cookies de personalizaci\u00f3n<\/strong><\/li>\n<\/ol>\n<p>Las cookies de personalizaci\u00f3n nos permiten guardar sus selecciones y sus preferencias.<\/p>\n<p>Los datos que se conservan son, entre otros, tu pa\u00eds de residencia y tu idioma.<\/p>\n<p>Si desactivas estas cookies:<\/p>\n<p>&#8211; algunas p\u00e1ginas del sitio web ya no se visualizar\u00e1n correctamente;<\/p>\n<p>&#8211; el nivel de asistencia en l\u00ednea ofrecido por Cap Scandinavia quedar\u00e1 limitado y<\/p>\n<p>&#8211; tus preferencias relacionadas con la visualizaci\u00f3n de algunas funcionalidades no se podr\u00e1n guardar.<\/p>\n<h2 style=\"color: #3cabc4;\"><strong>Cookies de marketing publicitario \/ Cookies de medici\u00f3n<\/strong><\/h2>\n<p>Las cookies de medici\u00f3n nos permiten valorar la eficacia de nuestras campa\u00f1as publicitarias. Contabilizamos y evaluamos el n\u00famero de ventas y de clics en funci\u00f3n de nuestras inversiones publicitarias. Compartimos esta informaci\u00f3n con nuestros colaboradores (principalmente Google).<\/p>\n<h2 style=\"color: #3cabc4;\"><strong>Respectamos tu privacidad <\/strong><\/h2>\n<p>Nos comprometemos con la protecci\u00f3n de tu privacidad y respectamos los dos principios siguientes:<\/p>\n<p>&#8211; No asociamos a las cookies ninguna informaci\u00f3n que permita identificarte de forma personal. Las cookies no permiten en ning\u00fan caso conocer tu direcci\u00f3n, fecha de nacimiento, n\u00famero de tel\u00e9fono o cualquier otra informaci\u00f3n que pueda identificarte.<\/p>\n<p>&#8211; No proporcionamos ninguna informaci\u00f3n personal a los anunciantes ni a los sitios web de terceros que cuelgan anuncios basados en tus intereses.<\/p>\n<p>Si varias personas utilizan tu ordenador o tel\u00e9fono m\u00f3vil, o si el dispositivo dispone de varios programas de navegaci\u00f3n, puede que los contenidos que visualizan los otros usuarios sean tus preferencias. Si lo deseas, puedes modificar los par\u00e1metros del navegador consultando la secci\u00f3n<\/p>\n<h2 style=\"color: #3cabc4;\"><strong>\u00abGesti\u00f3n de las cookies y par\u00e1metros del navegador\u00bb. <\/strong><\/h2>\n<p>&#8211; Internet Explorer\u2122 : <a href=\"http:\/\/windows.microsoft.com\/fr-FR\/windows-vista\/Block-or-allow-cookies\">http:\/\/windows.microsoft.com\/fr-FR\/windows-vista\/Block-or-allow-cookies,<\/a><br \/>\n&#8211; Safari\u2122 : <a href=\"http:\/\/support.apple.com\/kb\/PH5042\">http:\/\/support.apple.com\/kb\/PH5042,<\/a><br \/>\n&#8211; Chrome\u2122 : <a href=\"http:\/\/support.google.com\/chrome\/bin\/answer.py?hl=fr&amp;hlrm=en&amp;answer=95647\">http:\/\/support.google.com\/chrome\/bin\/answer.py?hl=fr&amp;hlrm=en&amp;answer=95647,<\/a><br \/>\n&#8211; Firefox\u2122 : <a href=\"http:\/\/support.mozilla.org\/fr\/kb\/Activer%20et%20d%C3%A9sactiver%20les%20cookies\">http:\/\/support.mozilla.org\/fr\/kb\/Activer%20et%20d%C3%A9sactiver%20les%20cookies,<\/a><br \/>\n&#8211; Opera\u2122 : <a href=\"http:\/\/help.opera.com\/Windows\/10.20\/fr\/cookies.html\">http:\/\/help.opera.com\/Windows\/10.20\/fr\/cookies.html.<\/a><\/p>\n","protected":false},"excerpt":{"rendered":"<p> [&hellip;]<\/p>\n","protected":false},"author":1,"featured_media":0,"parent":0,"menu_order":0,"comment_status":"closed","ping_status":"closed","template":"","meta":[],"yoast_head":"<!-- This site is optimized with the Yoast SEO plugin v19.13 - https:\/\/yoast.com\/wordpress\/plugins\/seo\/ -->\n<title>Pol\u00edtica de cookies | Cap Scandinavia<\/title>\n<meta name=\"robots\" content=\"index, follow, max-snippet:-1, max-image-preview:large, max-video-preview:-1\" \/>\n<link rel=\"canonical\" href=\"https:\/\/www.capscandinavia.com\/es\/politica-de-cookies\/\" \/>\n<meta property=\"og:locale\" content=\"es_ES\" \/>\n<meta property=\"og:type\" content=\"article\" \/>\n<meta property=\"og:title\" content=\"Pol\u00edtica de cookies | Cap Scandinavia\" \/>\n<meta property=\"og:description\" content=\"[&hellip;]\" \/>\n<meta property=\"og:url\" content=\"https:\/\/www.capscandinavia.com\/es\/politica-de-cookies\/\" \/>\n<meta property=\"og:site_name\" content=\"Cap Scandinavia\" \/>\n<meta property=\"article:publisher\" content=\"https:\/\/www.facebook.com\/CapScandinaviaTravel\/\" \/>\n<meta property=\"article:modified_time\" content=\"2016-12-01T09:46:44+00:00\" \/>\n<meta name=\"twitter:card\" content=\"summary_large_image\" \/>\n<meta name=\"twitter:label1\" content=\"Tiempo de lectura\" \/>\n\t<meta name=\"twitter:data1\" content=\"3 minutos\" \/>\n<script type=\"application\/ld+json\" class=\"yoast-schema-graph\">{\"@context\":\"https:\/\/schema.org\",\"@graph\":[{\"@type\":\"WebPage\",\"@id\":\"https:\/\/www.capscandinavia.com\/es\/politica-de-cookies\/\",\"url\":\"https:\/\/www.capscandinavia.com\/es\/politica-de-cookies\/\",\"name\":\"Pol\u00edtica de cookies | Cap Scandinavia\",\"isPartOf\":{\"@id\":\"https:\/\/www.capscandinavia.com\/#website\"},\"datePublished\":\"2016-07-12T10:11:55+00:00\",\"dateModified\":\"2016-12-01T09:46:44+00:00\",\"breadcrumb\":{\"@id\":\"https:\/\/www.capscandinavia.com\/es\/politica-de-cookies\/#breadcrumb\"},\"inLanguage\":\"es\",\"potentialAction\":[{\"@type\":\"ReadAction\",\"target\":[\"https:\/\/www.capscandinavia.com\/es\/politica-de-cookies\/\"]}]},{\"@type\":\"BreadcrumbList\",\"@id\":\"https:\/\/www.capscandinavia.com\/es\/politica-de-cookies\/#breadcrumb\",\"itemListElement\":[{\"@type\":\"ListItem\",\"position\":1,\"name\":\"Inicio\",\"item\":\"https:\/\/www.capscandinavia.com\/es\/\"},{\"@type\":\"ListItem\",\"position\":2,\"name\":\"Pol\u00edtica de cookies\"}]},{\"@type\":\"WebSite\",\"@id\":\"https:\/\/www.capscandinavia.com\/#website\",\"url\":\"https:\/\/www.capscandinavia.com\/\",\"name\":\"Cap Scandinavia\",\"description\":\"Pour vos voyages en Scandinavie - Finlande - Pays Baltes - Russie\",\"potentialAction\":[{\"@type\":\"SearchAction\",\"target\":{\"@type\":\"EntryPoint\",\"urlTemplate\":\"https:\/\/www.capscandinavia.com\/?s={search_term_string}\"},\"query-input\":\"required name=search_term_string\"}],\"inLanguage\":\"es\"}]}<\/script>\n<!-- \/ Yoast SEO plugin. -->","yoast_head_json":{"title":"Pol\u00edtica de cookies | Cap Scandinavia","robots":{"index":"index","follow":"follow","max-snippet":"max-snippet:-1","max-image-preview":"max-image-preview:large","max-video-preview":"max-video-preview:-1"},"canonical":"https:\/\/www.capscandinavia.com\/es\/politica-de-cookies\/","og_locale":"es_ES","og_type":"article","og_title":"Pol\u00edtica de cookies | Cap Scandinavia","og_description":"[&hellip;]","og_url":"https:\/\/www.capscandinavia.com\/es\/politica-de-cookies\/","og_site_name":"Cap Scandinavia","article_publisher":"https:\/\/www.facebook.com\/CapScandinaviaTravel\/","article_modified_time":"2016-12-01T09:46:44+00:00","twitter_card":"summary_large_image","twitter_misc":{"Tiempo de lectura":"3 minutos"},"schema":{"@context":"https:\/\/schema.org","@graph":[{"@type":"WebPage","@id":"https:\/\/www.capscandinavia.com\/es\/politica-de-cookies\/","url":"https:\/\/www.capscandinavia.com\/es\/politica-de-cookies\/","name":"Pol\u00edtica de cookies | Cap Scandinavia","isPartOf":{"@id":"https:\/\/www.capscandinavia.com\/#website"},"datePublished":"2016-07-12T10:11:55+00:00","dateModified":"2016-12-01T09:46:44+00:00","breadcrumb":{"@id":"https:\/\/www.capscandinavia.com\/es\/politica-de-cookies\/#breadcrumb"},"inLanguage":"es","potentialAction":[{"@type":"ReadAction","target":["https:\/\/www.capscandinavia.com\/es\/politica-de-cookies\/"]}]},{"@type":"BreadcrumbList","@id":"https:\/\/www.capscandinavia.com\/es\/politica-de-cookies\/#breadcrumb","itemListElement":[{"@type":"ListItem","position":1,"name":"Inicio","item":"https:\/\/www.capscandinavia.com\/es\/"},{"@type":"ListItem","position":2,"name":"Pol\u00edtica de cookies"}]},{"@type":"WebSite","@id":"https:\/\/www.capscandinavia.com\/#website","url":"https:\/\/www.capscandinavia.com\/","name":"Cap Scandinavia","description":"Pour vos voyages en Scandinavie - Finlande - Pays Baltes - Russie","potentialAction":[{"@type":"SearchAction","target":{"@type":"EntryPoint","urlTemplate":"https:\/\/www.capscandinavia.com\/?s={search_term_string}"},"query-input":"required name=search_term_string"}],"inLanguage":"es"}]}},"_links":{"self":[{"href":"https:\/\/www.capscandinavia.com\/es\/wp-json\/wp\/v2\/pages\/3129"}],"collection":[{"href":"https:\/\/www.capscandinavia.com\/es\/wp-json\/wp\/v2\/pages"}],"about":[{"href":"https:\/\/www.capscandinavia.com\/es\/wp-json\/wp\/v2\/types\/page"}],"author":[{"embeddable":true,"href":"https:\/\/www.capscandinavia.com\/es\/wp-json\/wp\/v2\/users\/1"}],"replies":[{"embeddable":true,"href":"https:\/\/www.capscandinavia.com\/es\/wp-json\/wp\/v2\/comments?post=3129"}],"version-history":[{"count":2,"href":"https:\/\/www.capscandinavia.com\/es\/wp-json\/wp\/v2\/pages\/3129\/revisions"}],"predecessor-version":[{"id":3131,"href":"https:\/\/www.capscandinavia.com\/es\/wp-json\/wp\/v2\/pages\/3129\/revisions\/3131"}],"wp:attachment":[{"href":"https:\/\/www.capscandinavia.com\/es\/wp-json\/wp\/v2\/media?parent=3129"}],"curies":[{"name":"wp","href":"https:\/\/api.w.org\/{rel}","templated":true}]}}